{"id":267,"date":"2026-04-09T10:13:02","date_gmt":"2026-04-09T08:13:02","guid":{"rendered":"https:\/\/www.growmaster.sk\/eshop\/?post_type=product&#038;p=267"},"modified":"2026-04-09T10:21:23","modified_gmt":"2026-04-09T08:21:23","slug":"ultrazvukovy-zvlhcovac-vzduchu-ram-5l-400-ml-h","status":"publish","type":"product","link":"https:\/\/www.growmaster.sk\/eshop\/produkt\/ultrazvukovy-zvlhcovac-vzduchu-ram-5l-400-ml-h\/","title":{"rendered":"Ultrazvukov\u00fd zvlh\u010dova\u010d vzduchu  RAM 5L s adapt\u00e9rom"},"content":{"rendered":"<p>Kompatibiln\u00fd so syst\u00e9mom GROWMASTER<\/p>\n<p>V\u00fdkon zvlh\u010dovania:\u00a0 400 ml\/h<\/p>\n","protected":false},"excerpt":{"rendered":"<p>Overen\u00fd multifunk\u010dn\u00fd zvlh\u010dova\u010d vzduchu od kvalitn\u00e9ho v\u00fdrobcu RAM kompatibiln\u00fd so syst\u00e9mom Growmaster<span style=\"font-size: 14px; font-weight: 600;\">\u00ae<\/span>. Produkt je dod\u00e1van\u00fd s multifunk\u010dn\u00fdm adapt\u00e9rom\u00a0 pre pripojenie k syst\u00e9mu do be\u017enej z\u00e1suvky 230V.<label class=\"selectit\"><\/label><\/p>\n","protected":false},"featured_media":268,"comment_status":"open","ping_status":"closed","template":"","meta":[],"product_brand":[56,39,40],"product_cat":[61],"product_tag":[79,80,57],"class_list":{"0":"post-267","1":"product","2":"type-product","3":"status-publish","4":"has-post-thumbnail","6":"product_brand-growmaster-ultrasonicfog","7":"product_brand-growmaster-vent","8":"product_brand-growmaster","9":"product_cat-zvlhcovace-vzduchu-a-prislusenstvo","10":"product_tag-ram","11":"product_tag-ultrasonic-fog","12":"product_tag-zvlhcovac-vzduchu","14":"first","15":"instock","16":"taxable","17":"shipping-taxable","18":"purchasable","19":"product-type-simple"},"jetpack_sharing_enabled":true,"_links":{"self":[{"href":"https:\/\/www.growmaster.sk\/eshop\/wp-json\/wp\/v2\/product\/267","targetHints":{"allow":["GET"]}}],"collection":[{"href":"https:\/\/www.growmaster.sk\/eshop\/wp-json\/wp\/v2\/product"}],"about":[{"href":"https:\/\/www.growmaster.sk\/eshop\/wp-json\/wp\/v2\/types\/product"}],"replies":[{"embeddable":true,"href":"https:\/\/www.growmaster.sk\/eshop\/wp-json\/wp\/v2\/comments?post=267"}],"wp:featuredmedia":[{"embeddable":true,"href":"https:\/\/www.growmaster.sk\/eshop\/wp-json\/wp\/v2\/media\/268"}],"wp:attachment":[{"href":"https:\/\/www.growmaster.sk\/eshop\/wp-json\/wp\/v2\/media?parent=267"}],"wp:term":[{"taxonomy":"product_brand","embeddable":true,"href":"https:\/\/www.growmaster.sk\/eshop\/wp-json\/wp\/v2\/product_brand?post=267"},{"taxonomy":"product_cat","embeddable":true,"href":"https:\/\/www.growmaster.sk\/eshop\/wp-json\/wp\/v2\/product_cat?post=267"},{"taxonomy":"product_tag","embeddable":true,"href":"https:\/\/www.growmaster.sk\/eshop\/wp-json\/wp\/v2\/product_tag?post=267"}],"curies":[{"name":"wp","href":"https:\/\/api.w.org\/{rel}","templated":true}]}}