{"id":226,"date":"2025-09-21T15:37:15","date_gmt":"2025-09-21T13:37:15","guid":{"rendered":"https:\/\/www.growmaster.sk\/eshop\/?post_type=product&#038;p=226"},"modified":"2025-09-21T15:46:32","modified_gmt":"2025-09-21T13:46:32","slug":"zakladna-instalacia-systemu-do-growboxu","status":"publish","type":"product","link":"https:\/\/www.growmaster.sk\/eshop\/produkt\/zakladna-instalacia-systemu-do-growboxu\/","title":{"rendered":"Z\u00e1kladn\u00e1 sada pre growboxy a skrine"},"content":{"rendered":"<p>T\u00e1to sada obsahuje:<\/p>\n<ul>\n<li>Growmaster &#8211; kontrol\u00e9r (v1.6 &#8211; 12V)<\/li>\n<li>Growmaster Hub &#8211; rozbo\u010dova\u010d<\/li>\n<li>Inteligentn\u00e9 osvetlenie Growmaster Sun 200W 230v &#8211; 2700k\/6500k<\/li>\n<li>Ventil\u00e1cia Growmaster Vent<\/li>\n<li>Zvlh\u010dova\u010d vzduchu UltrasonicFog (zvlh\u010dovanie)<\/li>\n<\/ul>\n<p>V cene nie je in\u0161tal\u00e1cia.<\/p>\n","protected":false},"excerpt":{"rendered":"<p>Z\u00e1kladn\u00e1 sada pre mont\u00e1\u017e do growboxov a skr\u00ed\u0148. Nap\u00e1janie syst\u00e9mu je na 12VDC. Najbezpe\u010dnej\u0161\u00ed syst\u00e9m automatizovanej z\u00e1hrady do dom\u00e1cnosti.<\/p>\n","protected":false},"featured_media":227,"comment_status":"open","ping_status":"closed","template":"","meta":[],"product_brand":[37,30,39,40,29],"product_cat":[15,28,33,61],"product_tag":[41,68,58,42],"class_list":{"0":"post-226","1":"product","2":"type-product","3":"status-publish","4":"has-post-thumbnail","6":"product_brand-growmaster-hub","7":"product_brand-growmaster-sun","8":"product_brand-growmaster-vent","9":"product_brand-growmaster","10":"product_brand-sun","11":"product_cat-growmaster-kontroler","12":"product_cat-grow-lampa","13":"product_cat-ventilacia-chladenie","14":"product_cat-zvlhcovace-vzduchu-a-prislusenstvo","15":"product_tag-growmaster","16":"product_tag-sun","17":"product_tag-ultrasonicfog","18":"product_tag-vent","20":"first","21":"instock","22":"purchasable","23":"product-type-simple"},"jetpack_sharing_enabled":true,"_links":{"self":[{"href":"https:\/\/www.growmaster.sk\/eshop\/wp-json\/wp\/v2\/product\/226","targetHints":{"allow":["GET"]}}],"collection":[{"href":"https:\/\/www.growmaster.sk\/eshop\/wp-json\/wp\/v2\/product"}],"about":[{"href":"https:\/\/www.growmaster.sk\/eshop\/wp-json\/wp\/v2\/types\/product"}],"replies":[{"embeddable":true,"href":"https:\/\/www.growmaster.sk\/eshop\/wp-json\/wp\/v2\/comments?post=226"}],"wp:featuredmedia":[{"embeddable":true,"href":"https:\/\/www.growmaster.sk\/eshop\/wp-json\/wp\/v2\/media\/227"}],"wp:attachment":[{"href":"https:\/\/www.growmaster.sk\/eshop\/wp-json\/wp\/v2\/media?parent=226"}],"wp:term":[{"taxonomy":"product_brand","embeddable":true,"href":"https:\/\/www.growmaster.sk\/eshop\/wp-json\/wp\/v2\/product_brand?post=226"},{"taxonomy":"product_cat","embeddable":true,"href":"https:\/\/www.growmaster.sk\/eshop\/wp-json\/wp\/v2\/product_cat?post=226"},{"taxonomy":"product_tag","embeddable":true,"href":"https:\/\/www.growmaster.sk\/eshop\/wp-json\/wp\/v2\/product_tag?post=226"}],"curies":[{"name":"wp","href":"https:\/\/api.w.org\/{rel}","templated":true}]}}