{"id":212,"date":"2025-04-08T22:34:06","date_gmt":"2025-04-08T20:34:06","guid":{"rendered":"https:\/\/www.growmaster.sk\/eshop\/?post_type=product&#038;p=212"},"modified":"2026-04-09T10:24:07","modified_gmt":"2026-04-09T08:24:07","slug":"zvlhcovac-vzduchu-ultrasonicfog","status":"publish","type":"product","link":"https:\/\/www.growmaster.sk\/eshop\/produkt\/zvlhcovac-vzduchu-ultrasonicfog\/","title":{"rendered":"Zvlh\u010dova\u010d vzduchu ultrasonicFOG\u00ae"},"content":{"rendered":"<p>Ultrazvukov\u00fd inteligentn\u00fd zvlh\u010dova\u010d vzduchu. Tento zvlh\u010dova\u010d vzduchu\u00a0bol \u0161peci\u00e1lne navrhnut\u00fd pre pou\u017eitie v mal\u00fdch sklen\u00edkoch alebo v mal\u00fdch z\u00e1hradk\u00e1ch. Zariadenie je d\u00f4le\u017eit\u00e1 s\u00fa\u010das\u0165 ka\u017edej z\u00e1hrady poh\u00e1\u0148anej syst\u00e9mom Growmaster\u00ae a udr\u017eiava nastaven\u00fa hladinu vzdu\u0161nej vlhkosti pre zdrav\u00fd v\u00fdvoj va\u0161ich byliniek alebo rastl\u00edn.<\/p>\n<p><strong>Vlastnosti:<\/strong><\/p>\n<ul>\n<li>Obsah n\u00e1doby na vodu: <strong>500ml<\/strong><\/li>\n<li>Mno\u017estvo odparenej tekutiny: <strong>70ml\/hod<\/strong><\/li>\n<li>Nap\u00e1jacie nap\u00e4tie<strong> 5V (integrovan\u00e9)<\/strong><\/li>\n<li>Konektivita USB-C kompatibiln\u00e9 so syst\u00e9mom <strong>Growmaster\u00ae<\/strong><\/li>\n<li>Ochrana zariadenia pred prep\u00e4t\u00edm<\/li>\n<li>Sklen\u00e1 poistka 0,5A<\/li>\n<li>Odolnos\u0165 vo\u010di striekaj\u00facej vode <strong>IP 55<\/strong><\/li>\n<\/ul>\n<p><strong>Re\u017eim: <\/strong><\/p>\n<ul>\n<li>Automatick\u00fd &#8211; potrebn\u00fd kontrol\u00e9r Growmaster\u00ae<\/li>\n<li>Manu\u00e1lny &#8211; Ovl\u00e1danie tla\u010didlom na zariaden\u00ed<\/li>\n<\/ul>\n<p><strong>Obsah balenia:<\/strong><\/p>\n<ol>\n<li>Zvlh\u010dova\u010d vzduchu ultrasonicFOG\u00ae<\/li>\n<li>Prepojovac\u00ed USB-C k\u00e1bel 2m<\/li>\n<li>N\u00e1hradn\u00e1 sklen\u00e1 poistka 0,5A<\/li>\n<li>N\u00e1hradn\u00fd gener\u00e1tor vlhkosti 113khz<\/li>\n<li>N\u00e1vod na pou\u017eitie<\/li>\n<\/ol>\n","protected":false},"excerpt":{"rendered":"<p>Inteligentn\u00fd zvlh\u010dova\u010d vzduchu plne kompatibiln\u00fd so syst\u00e9mom Growmaster\u00ae . Nap\u00e1janie\u00a0 prostredn\u00edctvom USB-C .<\/p>\n","protected":false},"featured_media":0,"comment_status":"open","ping_status":"closed","template":"","meta":[],"product_brand":[56,40],"product_cat":[61],"product_tag":[80,62,57],"class_list":{"0":"post-212","1":"product","2":"type-product","3":"status-publish","5":"product_brand-growmaster-ultrasonicfog","6":"product_brand-growmaster","7":"product_cat-zvlhcovace-vzduchu-a-prislusenstvo","8":"product_tag-ultrasonic-fog","9":"product_tag-vlhkost","10":"product_tag-zvlhcovac-vzduchu","12":"first","13":"instock","14":"purchasable","15":"product-type-simple"},"jetpack_sharing_enabled":true,"_links":{"self":[{"href":"https:\/\/www.growmaster.sk\/eshop\/wp-json\/wp\/v2\/product\/212","targetHints":{"allow":["GET"]}}],"collection":[{"href":"https:\/\/www.growmaster.sk\/eshop\/wp-json\/wp\/v2\/product"}],"about":[{"href":"https:\/\/www.growmaster.sk\/eshop\/wp-json\/wp\/v2\/types\/product"}],"replies":[{"embeddable":true,"href":"https:\/\/www.growmaster.sk\/eshop\/wp-json\/wp\/v2\/comments?post=212"}],"wp:attachment":[{"href":"https:\/\/www.growmaster.sk\/eshop\/wp-json\/wp\/v2\/media?parent=212"}],"wp:term":[{"taxonomy":"product_brand","embeddable":true,"href":"https:\/\/www.growmaster.sk\/eshop\/wp-json\/wp\/v2\/product_brand?post=212"},{"taxonomy":"product_cat","embeddable":true,"href":"https:\/\/www.growmaster.sk\/eshop\/wp-json\/wp\/v2\/product_cat?post=212"},{"taxonomy":"product_tag","embeddable":true,"href":"https:\/\/www.growmaster.sk\/eshop\/wp-json\/wp\/v2\/product_tag?post=212"}],"curies":[{"name":"wp","href":"https:\/\/api.w.org\/{rel}","templated":true}]}}