{"id":192,"date":"2025-03-24T11:10:16","date_gmt":"2025-03-24T10:10:16","guid":{"rendered":"https:\/\/www.growmaster.sk\/eshop\/?post_type=product&#038;p=192"},"modified":"2026-03-08T20:30:13","modified_gmt":"2026-03-08T19:30:13","slug":"prepojovaci-kabel-vent-bus","status":"publish","type":"product","link":"https:\/\/www.growmaster.sk\/eshop\/produkt\/prepojovaci-kabel-vent-bus\/","title":{"rendered":"Prepojovac\u00ed k\u00e1bel ventBUS\u00ae"},"content":{"rendered":"<p>Vysoko odoln\u00e9 telo konektora zabezpe\u010d\u00ed spo\u013eahlivos\u0165 po\u010das<\/p>\n<p>The GX16 Connector features a metal housing for a robust electrical connection and mechanical strength.<\/p>\n<p>Various Pin Configurations\uff1a<\/p>\n<p>Available in multiple pin configurations to meet the needs of various devices and applications.<\/p>\n<p>Easy Installation\uff1a<\/p>\n<p>Simple design supports quick connection and disconnection, enhancing installation efficiency.<\/p>\n<p>Wide Application\uff1a<\/p>\n<p>Widely used in automation, robotics, aerospace, and various other fields.<\/p>\n","protected":false},"excerpt":{"rendered":"<p>Prepojovac\u00ed k\u00e1bel ventBUS\u00ae ku rozbo\u010dovaciemu zariadenu Hub\u00ae &#8211; d\u013a\u017eka 3m<\/p>\n","protected":false},"featured_media":200,"comment_status":"open","ping_status":"closed","template":"","meta":[],"product_brand":[39],"product_cat":[33],"product_tag":[46,47,43,44,45],"class_list":{"0":"post-192","1":"product","2":"type-product","3":"status-publish","4":"has-post-thumbnail","6":"product_brand-growmaster-vent","7":"product_cat-ventilacia-chladenie","8":"product_tag-3m","9":"product_tag-hub","10":"product_tag-kabel","11":"product_tag-prislusenstvo","12":"product_tag-ventbus","14":"first","15":"instock","16":"purchasable","17":"product-type-simple"},"jetpack_sharing_enabled":true,"_links":{"self":[{"href":"https:\/\/www.growmaster.sk\/eshop\/wp-json\/wp\/v2\/product\/192","targetHints":{"allow":["GET"]}}],"collection":[{"href":"https:\/\/www.growmaster.sk\/eshop\/wp-json\/wp\/v2\/product"}],"about":[{"href":"https:\/\/www.growmaster.sk\/eshop\/wp-json\/wp\/v2\/types\/product"}],"replies":[{"embeddable":true,"href":"https:\/\/www.growmaster.sk\/eshop\/wp-json\/wp\/v2\/comments?post=192"}],"wp:featuredmedia":[{"embeddable":true,"href":"https:\/\/www.growmaster.sk\/eshop\/wp-json\/wp\/v2\/media\/200"}],"wp:attachment":[{"href":"https:\/\/www.growmaster.sk\/eshop\/wp-json\/wp\/v2\/media?parent=192"}],"wp:term":[{"taxonomy":"product_brand","embeddable":true,"href":"https:\/\/www.growmaster.sk\/eshop\/wp-json\/wp\/v2\/product_brand?post=192"},{"taxonomy":"product_cat","embeddable":true,"href":"https:\/\/www.growmaster.sk\/eshop\/wp-json\/wp\/v2\/product_cat?post=192"},{"taxonomy":"product_tag","embeddable":true,"href":"https:\/\/www.growmaster.sk\/eshop\/wp-json\/wp\/v2\/product_tag?post=192"}],"curies":[{"name":"wp","href":"https:\/\/api.w.org\/{rel}","templated":true}]}}