{"id":162,"date":"2025-03-23T19:07:25","date_gmt":"2025-03-23T18:07:25","guid":{"rendered":"https:\/\/www.growmaster.sk\/eshop\/?post_type=product&#038;p=162"},"modified":"2026-03-08T20:24:02","modified_gmt":"2026-03-08T19:24:02","slug":"vent-built-in-set-pre-instalaciu-systemu","status":"publish","type":"product","link":"https:\/\/www.growmaster.sk\/eshop\/produkt\/vent-built-in-set-pre-instalaciu-systemu\/","title":{"rendered":"Vent\u00ae Built-in set pre in\u0161tal\u00e1ciu syst\u00e9mu"},"content":{"rendered":"<p>Obsahuje:<\/p>\n<p>3x Ventil\u00e1tor pod\u013ea potreby pre Build-In<\/p>\n<p>1x Kabel\u00e1\u017e pre Build-In<\/p>\n<p>1x Krabica pre elektroniku IP55<\/p>\n<p>1x K\u00e1bel Growmaster Vent\u00ae bus<\/p>\n<p>1x Uchytenie cirkula\u010dn\u00e9ho ventil\u00e1tora<\/p>\n","protected":false},"excerpt":{"rendered":"<p>Tento set obsahuje z\u00e1kladn\u00e9 prvky syst\u00e9mu growmasterVent\u00ae<\/p>\n","protected":false},"featured_media":227,"comment_status":"open","ping_status":"closed","template":"","meta":[],"product_brand":[39],"product_cat":[33],"product_tag":[42,49],"class_list":{"0":"post-162","1":"product","2":"type-product","3":"status-publish","4":"has-post-thumbnail","6":"product_brand-growmaster-vent","7":"product_cat-ventilacia-chladenie","8":"product_tag-vent","9":"product_tag-ventilacia","11":"first","12":"instock","13":"purchasable","14":"product-type-simple"},"jetpack_sharing_enabled":true,"_links":{"self":[{"href":"https:\/\/www.growmaster.sk\/eshop\/wp-json\/wp\/v2\/product\/162","targetHints":{"allow":["GET"]}}],"collection":[{"href":"https:\/\/www.growmaster.sk\/eshop\/wp-json\/wp\/v2\/product"}],"about":[{"href":"https:\/\/www.growmaster.sk\/eshop\/wp-json\/wp\/v2\/types\/product"}],"replies":[{"embeddable":true,"href":"https:\/\/www.growmaster.sk\/eshop\/wp-json\/wp\/v2\/comments?post=162"}],"wp:featuredmedia":[{"embeddable":true,"href":"https:\/\/www.growmaster.sk\/eshop\/wp-json\/wp\/v2\/media\/227"}],"wp:attachment":[{"href":"https:\/\/www.growmaster.sk\/eshop\/wp-json\/wp\/v2\/media?parent=162"}],"wp:term":[{"taxonomy":"product_brand","embeddable":true,"href":"https:\/\/www.growmaster.sk\/eshop\/wp-json\/wp\/v2\/product_brand?post=162"},{"taxonomy":"product_cat","embeddable":true,"href":"https:\/\/www.growmaster.sk\/eshop\/wp-json\/wp\/v2\/product_cat?post=162"},{"taxonomy":"product_tag","embeddable":true,"href":"https:\/\/www.growmaster.sk\/eshop\/wp-json\/wp\/v2\/product_tag?post=162"}],"curies":[{"name":"wp","href":"https:\/\/api.w.org\/{rel}","templated":true}]}}