{"id":161,"date":"2025-03-23T19:06:30","date_gmt":"2025-03-23T18:06:30","guid":{"rendered":"https:\/\/www.growmaster.sk\/eshop\/?post_type=product&#038;p=161"},"modified":"2026-04-16T09:37:21","modified_gmt":"2026-04-16T07:37:21","slug":"gm-h1","status":"publish","type":"product","link":"https:\/\/www.growmaster.sk\/eshop\/produkt\/gm-h1\/","title":{"rendered":"GM-H1 Hub\u00ae Roz\u0161\u00edren\u00fd rozbo\u010dova\u010d pre syst\u00e9m Growmaster"},"content":{"rendered":"<p>Rozbo\u010dova\u010d pre komponenty Sun\u00ae, Vent\u00ae, Hydro\u00ae<\/p>\n<p>Spojen\u00edm v\u0161etk\u00fdch komponentov vznik\u00e1 nev\u0161edn\u00fd z\u00e1\u017eitok realistickej simul\u00e1cie po\u010dasia \u010do sa ur\u010dite odzrkadl\u00ed na v\u00fdnose va\u0161ej z\u00e1hrady.<\/p>\n","protected":false},"excerpt":{"rendered":"<p>Roz\u0161\u00edren\u00fd rozbo\u010dova\u010d pre syst\u00e9m Growmaster\u00ae nutn\u00fd pre pripojenie ostatn\u00fdch s\u00fa\u010dast\u00ed ako je automatick\u00e9 zavla\u017eovanie, inteligentn\u00e9 osvetlenie a riadenie ventil\u00e1cie.<\/p>\n","protected":false},"featured_media":244,"comment_status":"open","ping_status":"closed","template":"","meta":[],"product_brand":[37,36,30,56,39,40],"product_cat":[15],"product_tag":[50,72,48,45],"class_list":{"0":"post-161","1":"product","2":"type-product","3":"status-publish","4":"has-post-thumbnail","6":"product_brand-growmaster-hub","7":"product_brand-growmaster-hydro","8":"product_brand-growmaster-sun","9":"product_brand-growmaster-ultrasonicfog","10":"product_brand-growmaster-vent","11":"product_brand-growmaster","12":"product_cat-growmaster-kontroler","13":"product_tag-hydrobus","14":"product_tag-rozsireny-rozbocovac","15":"product_tag-sunbus","16":"product_tag-ventbus","18":"first","19":"onbackorder","20":"sale","21":"purchasable","22":"product-type-simple"},"jetpack_sharing_enabled":true,"_links":{"self":[{"href":"https:\/\/www.growmaster.sk\/eshop\/wp-json\/wp\/v2\/product\/161","targetHints":{"allow":["GET"]}}],"collection":[{"href":"https:\/\/www.growmaster.sk\/eshop\/wp-json\/wp\/v2\/product"}],"about":[{"href":"https:\/\/www.growmaster.sk\/eshop\/wp-json\/wp\/v2\/types\/product"}],"replies":[{"embeddable":true,"href":"https:\/\/www.growmaster.sk\/eshop\/wp-json\/wp\/v2\/comments?post=161"}],"wp:featuredmedia":[{"embeddable":true,"href":"https:\/\/www.growmaster.sk\/eshop\/wp-json\/wp\/v2\/media\/244"}],"wp:attachment":[{"href":"https:\/\/www.growmaster.sk\/eshop\/wp-json\/wp\/v2\/media?parent=161"}],"wp:term":[{"taxonomy":"product_brand","embeddable":true,"href":"https:\/\/www.growmaster.sk\/eshop\/wp-json\/wp\/v2\/product_brand?post=161"},{"taxonomy":"product_cat","embeddable":true,"href":"https:\/\/www.growmaster.sk\/eshop\/wp-json\/wp\/v2\/product_cat?post=161"},{"taxonomy":"product_tag","embeddable":true,"href":"https:\/\/www.growmaster.sk\/eshop\/wp-json\/wp\/v2\/product_tag?post=161"}],"curies":[{"name":"wp","href":"https:\/\/api.w.org\/{rel}","templated":true}]}}