{"id":160,"date":"2025-03-23T19:05:11","date_gmt":"2025-03-23T18:05:11","guid":{"rendered":"https:\/\/www.growmaster.sk\/eshop\/?post_type=product&#038;p=160"},"modified":"2026-04-08T21:46:47","modified_gmt":"2026-04-08T19:46:47","slug":"gm-1","status":"publish","type":"product","link":"https:\/\/www.growmaster.sk\/eshop\/produkt\/gm-1\/","title":{"rendered":"Hlavn\u00fd kontrol\u00e9r GM-1"},"content":{"rendered":"<h3>Plynul\u00e1 regul\u00e1cia pestebn\u00e9ho priestoru<\/h3>\n<p>Pomocou tohto kontrol\u00e9ra je mo\u017en\u00e9 pripoji\u0165 \u010fal\u0161ie komponenty syst\u00e9mu Growmaster\u00ae<\/p>\n","protected":false},"excerpt":{"rendered":"<p>Hlavn\u00fd kontrol\u00e9r z\u00e1hradnej automatiz\u00e1cie Growmaster\u00ae vo verzii GM-1.<br \/>\nNap\u00e1janie: 230V\/50Hz<\/p>\n","protected":false},"featured_media":263,"comment_status":"open","ping_status":"closed","template":"","meta":[],"product_brand":[40],"product_cat":[15],"product_tag":[76,78,77,75],"class_list":{"0":"post-160","1":"product","2":"type-product","3":"status-publish","4":"has-post-thumbnail","6":"product_brand-growmaster","7":"product_cat-growmaster-kontroler","8":"product_tag-controller","9":"product_tag-inteligentne","10":"product_tag-riadenie","11":"product_tag-riadiaca-jednotka","13":"first","14":"instock","15":"purchasable","16":"product-type-simple"},"jetpack_sharing_enabled":true,"_links":{"self":[{"href":"https:\/\/www.growmaster.sk\/eshop\/wp-json\/wp\/v2\/product\/160","targetHints":{"allow":["GET"]}}],"collection":[{"href":"https:\/\/www.growmaster.sk\/eshop\/wp-json\/wp\/v2\/product"}],"about":[{"href":"https:\/\/www.growmaster.sk\/eshop\/wp-json\/wp\/v2\/types\/product"}],"replies":[{"embeddable":true,"href":"https:\/\/www.growmaster.sk\/eshop\/wp-json\/wp\/v2\/comments?post=160"}],"wp:featuredmedia":[{"embeddable":true,"href":"https:\/\/www.growmaster.sk\/eshop\/wp-json\/wp\/v2\/media\/263"}],"wp:attachment":[{"href":"https:\/\/www.growmaster.sk\/eshop\/wp-json\/wp\/v2\/media?parent=160"}],"wp:term":[{"taxonomy":"product_brand","embeddable":true,"href":"https:\/\/www.growmaster.sk\/eshop\/wp-json\/wp\/v2\/product_brand?post=160"},{"taxonomy":"product_cat","embeddable":true,"href":"https:\/\/www.growmaster.sk\/eshop\/wp-json\/wp\/v2\/product_cat?post=160"},{"taxonomy":"product_tag","embeddable":true,"href":"https:\/\/www.growmaster.sk\/eshop\/wp-json\/wp\/v2\/product_tag?post=160"}],"curies":[{"name":"wp","href":"https:\/\/api.w.org\/{rel}","templated":true}]}}