{"id":116,"date":"2025-03-21T18:11:35","date_gmt":"2025-03-21T17:11:35","guid":{"rendered":"https:\/\/www.growmaster.sk\/eshop\/?page_id=116"},"modified":"2025-10-28T17:56:58","modified_gmt":"2025-10-28T16:56:58","slug":"technologia-silent","status":"publish","type":"page","link":"https:\/\/www.growmaster.sk\/eshop\/technologia-silent\/","title":{"rendered":"Technol\u00f3gia SILENT"},"content":{"rendered":"<p><img loading=\"lazy\" decoding=\"async\" class=\"alignright wp-image-122 size-medium\" src=\"https:\/\/www.growmaster.sk\/eshop\/wp-content\/uploads\/2025\/03\/growmaster-silent-300x300.webp\" alt=\"growmaster silent\" width=\"300\" height=\"300\" srcset=\"https:\/\/www.growmaster.sk\/eshop\/wp-content\/uploads\/2025\/03\/growmaster-silent-300x300.webp 300w, https:\/\/www.growmaster.sk\/eshop\/wp-content\/uploads\/2025\/03\/growmaster-silent-150x150.webp 150w, https:\/\/www.growmaster.sk\/eshop\/wp-content\/uploads\/2025\/03\/growmaster-silent-768x768.webp 768w, https:\/\/www.growmaster.sk\/eshop\/wp-content\/uploads\/2025\/03\/growmaster-silent-600x600.webp 600w, https:\/\/www.growmaster.sk\/eshop\/wp-content\/uploads\/2025\/03\/growmaster-silent-100x100.webp 100w, https:\/\/www.growmaster.sk\/eshop\/wp-content\/uploads\/2025\/03\/growmaster-silent.webp 1024w\" sizes=\"auto, (max-width: 300px) 100vw, 300px\" \/><\/p>\n<h3 data-start=\"168\" data-end=\"217\">Inteligentn\u00e1 tich\u00e1 prev\u00e1dzka<\/h3>\n<p data-start=\"219\" data-end=\"266\"><strong data-start=\"219\" data-end=\"266\">Minimalizujte hluk, maximalizujte pohodlie.<\/strong><\/p>\n<p data-start=\"268\" data-end=\"455\">Growmaster pon\u00faka \u0161peci\u00e1lny <strong data-start=\"296\" data-end=\"312\">SILENT re\u017eim<\/strong>, ktor\u00fd bol navrhnut\u00fd pre pestovate\u013eov, ktor\u00ed vy\u017eaduj\u00fa <strong data-start=\"367\" data-end=\"397\">tich\u00fa a neru\u0161iv\u00fa prev\u00e1dzku<\/strong> zariadenia \u2013 ide\u00e1lne pre byty, interi\u00e9ry \u010di mal\u00e9 domy so zimnou z\u00e1hradou.<\/p>\n<p data-start=\"457\" data-end=\"782\">V tomto re\u017eime doch\u00e1dza k <strong data-start=\"483\" data-end=\"529\">inteligentn\u00e9mu striedaniu vetrac\u00edch cyklov<\/strong>, \u010d\u00edm sa zni\u017euje hlu\u010dnos\u0165 zariadenia na minimum bez toho, aby do\u0161lo k naru\u0161eniu mikrokl\u00edmy.<\/p>\n<p data-start=\"457\" data-end=\"782\"><br data-start=\"620\" data-end=\"623\" \/>Syst\u00e9m priebe\u017ene monitoruje vlhkos\u0165, teplotu a \u010fal\u0161ie parametre v priestore, a v pr\u00edpade potreby dynamicky reguluje pripojen\u00e9 prvky syst\u00e9mu ako je ventil\u00e1cia, inteligentn\u00e9 osvetlenie, automatick\u00e9 zavla\u017eovanie,\u00a0 zvlh\u010dovanie a obohacovanie vzduchu pre maximaliz\u00e1ciu v\u00fdnosu va\u0161ej plodiny.<\/p>\n<p data-start=\"784\" data-end=\"882\">\u27a1\ufe0f <strong data-start=\"787\" data-end=\"800\">V\u00fdsledok?<\/strong> Optim\u00e1lne pestovate\u013esk\u00e9 podmienky <strong data-start=\"835\" data-end=\"882\">s minim\u00e1lnym hlukom a maxim\u00e1lnym komfortom.<\/strong><\/p>\n","protected":false},"excerpt":{"rendered":"<p>Inteligentn\u00e1 tich\u00e1 prev\u00e1dzka Minimalizujte hluk, maximalizujte pohodlie. Growmaster pon\u00faka \u0161peci\u00e1lny SILENT re\u017eim, ktor\u00fd bol navrhnut\u00fd pre pestovate\u013eov, ktor\u00ed vy\u017eaduj\u00fa tich\u00fa a neru\u0161iv\u00fa prev\u00e1dzku zariadenia \u2013 ide\u00e1lne pre byty, interi\u00e9ry \u010di mal\u00e9 domy so zimnou z\u00e1hradou. V tomto re\u017eime doch\u00e1dza k inteligentn\u00e9mu striedaniu vetrac\u00edch cyklov, \u010d\u00edm sa zni\u017euje hlu\u010dnos\u0165 zariadenia na minimum bez toho, aby do\u0161lo [&hellip;]<\/p>\n","protected":false},"author":1,"featured_media":122,"parent":0,"menu_order":0,"comment_status":"closed","ping_status":"closed","template":"","meta":{"footnotes":""},"class_list":["post-116","page","type-page","status-publish","has-post-thumbnail","hentry"],"jetpack_sharing_enabled":true,"_links":{"self":[{"href":"https:\/\/www.growmaster.sk\/eshop\/wp-json\/wp\/v2\/pages\/116","targetHints":{"allow":["GET"]}}],"collection":[{"href":"https:\/\/www.growmaster.sk\/eshop\/wp-json\/wp\/v2\/pages"}],"about":[{"href":"https:\/\/www.growmaster.sk\/eshop\/wp-json\/wp\/v2\/types\/page"}],"author":[{"embeddable":true,"href":"https:\/\/www.growmaster.sk\/eshop\/wp-json\/wp\/v2\/users\/1"}],"replies":[{"embeddable":true,"href":"https:\/\/www.growmaster.sk\/eshop\/wp-json\/wp\/v2\/comments?post=116"}],"version-history":[{"count":8,"href":"https:\/\/www.growmaster.sk\/eshop\/wp-json\/wp\/v2\/pages\/116\/revisions"}],"predecessor-version":[{"id":230,"href":"https:\/\/www.growmaster.sk\/eshop\/wp-json\/wp\/v2\/pages\/116\/revisions\/230"}],"wp:featuredmedia":[{"embeddable":true,"href":"https:\/\/www.growmaster.sk\/eshop\/wp-json\/wp\/v2\/media\/122"}],"wp:attachment":[{"href":"https:\/\/www.growmaster.sk\/eshop\/wp-json\/wp\/v2\/media?parent=116"}],"curies":[{"name":"wp","href":"https:\/\/api.w.org\/{rel}","templated":true}]}}